{"id":638,"date":"2023-11-09T14:11:44","date_gmt":"2023-11-09T14:11:44","guid":{"rendered":"https:\/\/lespetitesmainsdegaby.fr\/?post_type=product&#038;p=638"},"modified":"2024-09-25T09:17:04","modified_gmt":"2024-09-25T09:17:04","slug":"rondin-de-bois-sapin-4","status":"publish","type":"product","link":"https:\/\/lespetitesmainsdegaby.fr\/?product=rondin-de-bois-sapin-4","title":{"rendered":"Rondin de bois sapin"},"content":{"rendered":"<p>Rondin de bois sapin.<\/p>\n<p>En d\u00e9coration de votre sapin de no\u00ebl.<\/p>\n<p>Diam\u00e8tre 5 x 4 cm<\/p>\n<p>&nbsp;<\/p>\n","protected":false},"excerpt":{"rendered":"<p>Rondin de bois sapin. En d\u00e9coration de votre sapin de no\u00ebl. Diam\u00e8tre 5 x 4 cm &nbsp;<\/p>\n","protected":false},"featured_media":0,"comment_status":"open","ping_status":"closed","template":"","meta":{"_et_pb_use_builder":"","_et_pb_old_content":"","_et_gb_content_width":"","_monsterinsights_skip_tracking":false,"_monsterinsights_sitenote_active":false,"_monsterinsights_sitenote_note":"","_monsterinsights_sitenote_category":0},"product_brand":[],"product_cat":[17],"product_tag":[],"class_list":{"0":"post-638","1":"product","2":"type-product","3":"status-publish","5":"product_cat-bijoux","7":"first","8":"instock","9":"sold-individually","10":"shipping-taxable","11":"product-type-simple"},"jetpack_sharing_enabled":true,"_links":{"self":[{"href":"https:\/\/lespetitesmainsdegaby.fr\/index.php?rest_route=\/wp\/v2\/product\/638","targetHints":{"allow":["GET"]}}],"collection":[{"href":"https:\/\/lespetitesmainsdegaby.fr\/index.php?rest_route=\/wp\/v2\/product"}],"about":[{"href":"https:\/\/lespetitesmainsdegaby.fr\/index.php?rest_route=\/wp\/v2\/types\/product"}],"replies":[{"embeddable":true,"href":"https:\/\/lespetitesmainsdegaby.fr\/index.php?rest_route=%2Fwp%2Fv2%2Fcomments&post=638"}],"wp:attachment":[{"href":"https:\/\/lespetitesmainsdegaby.fr\/index.php?rest_route=%2Fwp%2Fv2%2Fmedia&parent=638"}],"wp:term":[{"taxonomy":"product_brand","embeddable":true,"href":"https:\/\/lespetitesmainsdegaby.fr\/index.php?rest_route=%2Fwp%2Fv2%2Fproduct_brand&post=638"},{"taxonomy":"product_cat","embeddable":true,"href":"https:\/\/lespetitesmainsdegaby.fr\/index.php?rest_route=%2Fwp%2Fv2%2Fproduct_cat&post=638"},{"taxonomy":"product_tag","embeddable":true,"href":"https:\/\/lespetitesmainsdegaby.fr\/index.php?rest_route=%2Fwp%2Fv2%2Fproduct_tag&post=638"}],"curies":[{"name":"wp","href":"https:\/\/api.w.org\/{rel}","templated":true}]}}