{"id":649,"date":"2024-09-16T11:31:07","date_gmt":"2024-09-16T11:31:07","guid":{"rendered":"https:\/\/lespetitesmainsdegaby.fr\/?post_type=product&#038;p=649"},"modified":"2024-09-25T10:56:17","modified_gmt":"2024-09-25T10:56:17","slug":"rondin-de-bois-ecureuil-2","status":"publish","type":"product","link":"https:\/\/lespetitesmainsdegaby.fr\/?product=rondin-de-bois-ecureuil-2","title":{"rendered":"Rondin de bois Ecureuil"},"content":{"rendered":"<p>Rondin de bois \u00e9cureuil<\/p>\n<p>En d\u00e9coration de votre sapin de no\u00ebl.<\/p>\n<p>Diam\u00e8tre 4 cm<\/p>\n","protected":false},"excerpt":{"rendered":"<p>Rondin de bois \u00e9cureuil En d\u00e9coration de votre sapin de no\u00ebl. Diam\u00e8tre 4 cm<\/p>\n","protected":false},"featured_media":0,"comment_status":"open","ping_status":"closed","template":"","meta":{"_et_pb_use_builder":"","_et_pb_old_content":"","_et_gb_content_width":"","_monsterinsights_skip_tracking":false,"_monsterinsights_sitenote_active":false,"_monsterinsights_sitenote_note":"","_monsterinsights_sitenote_category":0},"product_brand":[],"product_cat":[17],"product_tag":[],"class_list":{"0":"post-649","1":"product","2":"type-product","3":"status-publish","5":"product_cat-bijoux","7":"first","8":"instock","9":"sold-individually","10":"shipping-taxable","11":"purchasable","12":"product-type-simple"},"jetpack_sharing_enabled":true,"_links":{"self":[{"href":"https:\/\/lespetitesmainsdegaby.fr\/index.php?rest_route=\/wp\/v2\/product\/649","targetHints":{"allow":["GET"]}}],"collection":[{"href":"https:\/\/lespetitesmainsdegaby.fr\/index.php?rest_route=\/wp\/v2\/product"}],"about":[{"href":"https:\/\/lespetitesmainsdegaby.fr\/index.php?rest_route=\/wp\/v2\/types\/product"}],"replies":[{"embeddable":true,"href":"https:\/\/lespetitesmainsdegaby.fr\/index.php?rest_route=%2Fwp%2Fv2%2Fcomments&post=649"}],"wp:attachment":[{"href":"https:\/\/lespetitesmainsdegaby.fr\/index.php?rest_route=%2Fwp%2Fv2%2Fmedia&parent=649"}],"wp:term":[{"taxonomy":"product_brand","embeddable":true,"href":"https:\/\/lespetitesmainsdegaby.fr\/index.php?rest_route=%2Fwp%2Fv2%2Fproduct_brand&post=649"},{"taxonomy":"product_cat","embeddable":true,"href":"https:\/\/lespetitesmainsdegaby.fr\/index.php?rest_route=%2Fwp%2Fv2%2Fproduct_cat&post=649"},{"taxonomy":"product_tag","embeddable":true,"href":"https:\/\/lespetitesmainsdegaby.fr\/index.php?rest_route=%2Fwp%2Fv2%2Fproduct_tag&post=649"}],"curies":[{"name":"wp","href":"https:\/\/api.w.org\/{rel}","templated":true}]}}